{"id":687,"date":"2025-03-06T11:20:57","date_gmt":"2025-03-06T08:20:57","guid":{"rendered":"https:\/\/sihirli.tv\/?page_id=687"},"modified":"2025-03-06T11:20:57","modified_gmt":"2025-03-06T08:20:57","slug":"tiehome","status":"publish","type":"page","link":"https:\/\/sihirli.tv\/","title":{"rendered":"TieLabs HomePage"},"content":{"rendered":"","protected":false},"excerpt":{"rendered":"","protected":false},"author":1,"featured_media":0,"parent":0,"menu_order":0,"comment_status":"closed","ping_status":"closed","template":"","meta":{"footnotes":""},"class_list":["post-687","page","type-page","status-publish",""],"yoast_head":"<!-- This site is optimized with the Yoast SEO plugin v27.4 - https:\/\/yoast.com\/product\/yoast-seo-wordpress\/ -->\n<title>TieLabs HomePage - Sihirli TV<\/title>\n<meta name=\"robots\" content=\"index, follow, max-snippet:-1, max-image-preview:large, max-video-preview:-1\" \/>\n<link rel=\"canonical\" href=\"https:\/\/sihirli.tv\/\" \/>\n<meta property=\"og:locale\" content=\"tr_TR\" \/>\n<meta property=\"og:type\" content=\"article\" \/>\n<meta property=\"og:title\" content=\"TieLabs HomePage - Sihirli TV\" \/>\n<meta property=\"og:url\" content=\"https:\/\/sihirli.tv\/\" \/>\n<meta property=\"og:site_name\" content=\"Sihirli TV\" \/>\n<meta name=\"twitter:card\" content=\"summary_large_image\" \/>\n<script type=\"application\/ld+json\" class=\"yoast-schema-graph\">{\"@context\":\"https:\\\/\\\/schema.org\",\"@graph\":[{\"@type\":\"WebPage\",\"@id\":\"https:\\\/\\\/sihirli.tv\\\/\",\"url\":\"https:\\\/\\\/sihirli.tv\\\/\",\"name\":\"TieLabs HomePage - Sihirli TV\",\"isPartOf\":{\"@id\":\"https:\\\/\\\/sihirli.tv\\\/#website\"},\"datePublished\":\"2025-03-06T08:20:57+00:00\",\"breadcrumb\":{\"@id\":\"https:\\\/\\\/sihirli.tv\\\/#breadcrumb\"},\"inLanguage\":\"tr\",\"potentialAction\":[{\"@type\":\"ReadAction\",\"target\":[\"https:\\\/\\\/sihirli.tv\\\/\"]}]},{\"@type\":\"BreadcrumbList\",\"@id\":\"https:\\\/\\\/sihirli.tv\\\/#breadcrumb\",\"itemListElement\":[{\"@type\":\"ListItem\",\"position\":1,\"name\":\"Home\",\"item\":\"https:\\\/\\\/sihirli.tv\\\/\"},{\"@type\":\"ListItem\",\"position\":2,\"name\":\"TieLabs HomePage\"}]},{\"@type\":\"WebSite\",\"@id\":\"https:\\\/\\\/sihirli.tv\\\/#website\",\"url\":\"https:\\\/\\\/sihirli.tv\\\/\",\"name\":\"Sihirli TV\",\"description\":\"Gizemli Olaylar, Bilim ve Teknoloji, K\u00fclt\u00fcr\u00fcrel ve Sanatsal Ke\u015fifler, E\u011flenceli ve E\u011fitici \u0130\u00e7erikler\",\"potentialAction\":[{\"@type\":\"SearchAction\",\"target\":{\"@type\":\"EntryPoint\",\"urlTemplate\":\"https:\\\/\\\/sihirli.tv\\\/?s={search_term_string}\"},\"query-input\":{\"@type\":\"PropertyValueSpecification\",\"valueRequired\":true,\"valueName\":\"search_term_string\"}}],\"inLanguage\":\"tr\"}]}<\/script>\n<!-- \/ Yoast SEO plugin. -->","yoast_head_json":{"title":"TieLabs HomePage - Sihirli TV","robots":{"index":"index","follow":"follow","max-snippet":"max-snippet:-1","max-image-preview":"max-image-preview:large","max-video-preview":"max-video-preview:-1"},"canonical":"https:\/\/sihirli.tv\/","og_locale":"tr_TR","og_type":"article","og_title":"TieLabs HomePage - Sihirli TV","og_url":"https:\/\/sihirli.tv\/","og_site_name":"Sihirli TV","twitter_card":"summary_large_image","schema":{"@context":"https:\/\/schema.org","@graph":[{"@type":"WebPage","@id":"https:\/\/sihirli.tv\/","url":"https:\/\/sihirli.tv\/","name":"TieLabs HomePage - Sihirli TV","isPartOf":{"@id":"https:\/\/sihirli.tv\/#website"},"datePublished":"2025-03-06T08:20:57+00:00","breadcrumb":{"@id":"https:\/\/sihirli.tv\/#breadcrumb"},"inLanguage":"tr","potentialAction":[{"@type":"ReadAction","target":["https:\/\/sihirli.tv\/"]}]},{"@type":"BreadcrumbList","@id":"https:\/\/sihirli.tv\/#breadcrumb","itemListElement":[{"@type":"ListItem","position":1,"name":"Home","item":"https:\/\/sihirli.tv\/"},{"@type":"ListItem","position":2,"name":"TieLabs HomePage"}]},{"@type":"WebSite","@id":"https:\/\/sihirli.tv\/#website","url":"https:\/\/sihirli.tv\/","name":"Sihirli TV","description":"Gizemli Olaylar, Bilim ve Teknoloji, K\u00fclt\u00fcr\u00fcrel ve Sanatsal Ke\u015fifler, E\u011flenceli ve E\u011fitici \u0130\u00e7erikler","potentialAction":[{"@type":"SearchAction","target":{"@type":"EntryPoint","urlTemplate":"https:\/\/sihirli.tv\/?s={search_term_string}"},"query-input":{"@type":"PropertyValueSpecification","valueRequired":true,"valueName":"search_term_string"}}],"inLanguage":"tr"}]}},"_links":{"self":[{"href":"https:\/\/sihirli.tv\/index.php?rest_route=\/wp\/v2\/pages\/687","targetHints":{"allow":["GET"]}}],"collection":[{"href":"https:\/\/sihirli.tv\/index.php?rest_route=\/wp\/v2\/pages"}],"about":[{"href":"https:\/\/sihirli.tv\/index.php?rest_route=\/wp\/v2\/types\/page"}],"author":[{"embeddable":true,"href":"https:\/\/sihirli.tv\/index.php?rest_route=\/wp\/v2\/users\/1"}],"replies":[{"embeddable":true,"href":"https:\/\/sihirli.tv\/index.php?rest_route=%2Fwp%2Fv2%2Fcomments&post=687"}],"version-history":[{"count":0,"href":"https:\/\/sihirli.tv\/index.php?rest_route=\/wp\/v2\/pages\/687\/revisions"}],"wp:attachment":[{"href":"https:\/\/sihirli.tv\/index.php?rest_route=%2Fwp%2Fv2%2Fmedia&parent=687"}],"curies":[{"name":"wp","href":"https:\/\/api.w.org\/{rel}","templated":true}]}}