{"id":268,"date":"2015-01-26T18:13:30","date_gmt":"2015-01-26T18:13:30","guid":{"rendered":"http:\/\/themes.tielabs.com\/sahifa5\/?page_id=268"},"modified":"2015-01-26T18:13:30","modified_gmt":"2015-01-26T18:13:30","slug":"lightbox","status":"publish","type":"page","link":"https:\/\/sihirli.tv\/?page_id=268","title":{"rendered":"Lightbox"},"content":{"rendered":"<h3>Native WordPress [Gallery]<\/h3>\n<div id='gallery-1' class='gallery galleryid-268 gallery-columns-3 gallery-size-thumbnail'><figure class='gallery-item'>\n\t\t\t<div class='gallery-icon landscape'>\n\t\t\t\t<a href='https:\/\/sihirli.tv\/wp-content\/uploads\/2015\/01\/nexus-6-review.jpg'><img decoding=\"async\" width=\"150\" height=\"150\" src=\"https:\/\/sihirli.tv\/wp-content\/uploads\/2015\/01\/nexus-6-review-150x150.jpg\" class=\"attachment-thumbnail size-thumbnail\" alt=\"\" \/><\/a>\n\t\t\t<\/div><\/figure><figure class='gallery-item'>\n\t\t\t<div class='gallery-icon landscape'>\n\t\t\t\t<a href='https:\/\/sihirli.tv\/wp-content\/uploads\/2015\/01\/nexus-6.still002-100529777-orig.jpg'><img decoding=\"async\" width=\"150\" height=\"150\" src=\"https:\/\/sihirli.tv\/wp-content\/uploads\/2015\/01\/nexus-6.still002-100529777-orig-150x150.jpg\" class=\"attachment-thumbnail size-thumbnail\" alt=\"\" \/><\/a>\n\t\t\t<\/div><\/figure><figure class='gallery-item'>\n\t\t\t<div class='gallery-icon landscape'>\n\t\t\t\t<a href='https:\/\/sihirli.tv\/wp-content\/uploads\/2015\/01\/ipad-air-feature.jpg'><img decoding=\"async\" width=\"150\" height=\"150\" src=\"https:\/\/sihirli.tv\/wp-content\/uploads\/2015\/01\/ipad-air-feature-150x150.jpg\" class=\"attachment-thumbnail size-thumbnail\" alt=\"\" \/><\/a>\n\t\t\t<\/div><\/figure><figure class='gallery-item'>\n\t\t\t<div class='gallery-icon landscape'>\n\t\t\t\t<a href='https:\/\/sihirli.tv\/wp-content\/uploads\/2015\/01\/samsung-galaxy-note-edge-photo-story-blade-1.jpg'><img loading=\"lazy\" decoding=\"async\" width=\"150\" height=\"150\" src=\"https:\/\/sihirli.tv\/wp-content\/uploads\/2015\/01\/samsung-galaxy-note-edge-photo-story-blade-1-150x150.jpg\" class=\"attachment-thumbnail size-thumbnail\" alt=\"\" \/><\/a>\n\t\t\t<\/div><\/figure><figure class='gallery-item'>\n\t\t\t<div class='gallery-icon portrait'>\n\t\t\t\t<a href='https:\/\/sihirli.tv\/wp-content\/uploads\/2015\/01\/croppedClassic_Black_Angle4_Left.jpg'><img loading=\"lazy\" decoding=\"async\" width=\"150\" height=\"150\" src=\"https:\/\/sihirli.tv\/wp-content\/uploads\/2015\/01\/croppedClassic_Black_Angle4_Left-150x150.jpg\" class=\"attachment-thumbnail size-thumbnail\" alt=\"\" \/><\/a>\n\t\t\t<\/div><\/figure><figure class='gallery-item'>\n\t\t\t<div class='gallery-icon landscape'>\n\t\t\t\t<a href='https:\/\/sihirli.tv\/wp-content\/uploads\/2015\/01\/orig.jpg'><img loading=\"lazy\" decoding=\"async\" width=\"150\" height=\"150\" src=\"https:\/\/sihirli.tv\/wp-content\/uploads\/2015\/01\/orig-150x150.jpg\" class=\"attachment-thumbnail size-thumbnail\" alt=\"\" \/><\/a>\n\t\t\t<\/div><\/figure><figure class='gallery-item'>\n\t\t\t<div class='gallery-icon landscape'>\n\t\t\t\t<a href='https:\/\/sihirli.tv\/wp-content\/uploads\/2015\/01\/apple-imac-retina-5k-review-12.jpg'><img loading=\"lazy\" decoding=\"async\" width=\"150\" height=\"150\" src=\"https:\/\/sihirli.tv\/wp-content\/uploads\/2015\/01\/apple-imac-retina-5k-review-12-150x150.jpg\" class=\"attachment-thumbnail size-thumbnail\" alt=\"\" \/><\/a>\n\t\t\t<\/div><\/figure><figure class='gallery-item'>\n\t\t\t<div class='gallery-icon landscape'>\n\t\t\t\t<a href='https:\/\/sihirli.tv\/wp-content\/uploads\/2015\/01\/lead-iphone6plus.jpg'><img loading=\"lazy\" decoding=\"async\" width=\"150\" height=\"150\" src=\"https:\/\/sihirli.tv\/wp-content\/uploads\/2015\/01\/lead-iphone6plus-150x150.jpg\" class=\"attachment-thumbnail size-thumbnail\" alt=\"\" \/><\/a>\n\t\t\t<\/div><\/figure><figure class='gallery-item'>\n\t\t\t<div class='gallery-icon landscape'>\n\t\t\t\t<a href='https:\/\/sihirli.tv\/wp-content\/uploads\/2015\/01\/Apple_Oct_2014_854.jpg'><img loading=\"lazy\" decoding=\"async\" width=\"150\" height=\"150\" src=\"https:\/\/sihirli.tv\/wp-content\/uploads\/2015\/01\/Apple_Oct_2014_854-150x150.jpg\" class=\"attachment-thumbnail size-thumbnail\" alt=\"\" \/><\/a>\n\t\t\t<\/div><\/figure>\n\t\t<\/div>\n\n<div class=\"clear\"><\/div><div style=\"margin-top:20px; margin-bottom:20px;\" class=\"divider divider-double\"><\/div>\n<h3>Image<\/h3>\n<a class=\"lightbox-enabled\" href=\"http:\/\/themes.tielabs.com\/wp-content\/uploads\/sites\/3\/2015\/01\/7717834982_bbd7e12b8c_b.jpg\" data-caption=\"Test LightBox for an image\" title=\"Test LightBox for an image\"><img loading=\"lazy\" decoding=\"async\" class=\"aligncenter size-medium wp-image-127\" src=\"http:\/\/themes.tielabs.com\/wp-content\/uploads\/sites\/3\/2015\/01\/7717834982_bbd7e12b8c_b-300x200.jpg\" alt=\"7717834982_bbd7e12b8c_b\" width=\"300\" height=\"200\" srcset=\"https:\/\/sihirli.tv\/wp-content\/uploads\/2015\/01\/7717834982_bbd7e12b8c_b-300x200.jpg 300w, https:\/\/sihirli.tv\/wp-content\/uploads\/2015\/01\/7717834982_bbd7e12b8c_b-768x512.jpg 768w, https:\/\/sihirli.tv\/wp-content\/uploads\/2015\/01\/7717834982_bbd7e12b8c_b.jpg 1024w\" sizes=\"(max-width: 300px) 100vw, 300px\" \/><\/a>\n<div class=\"clear\"><\/div><div style=\"margin-top:20px; margin-bottom:20px;\" class=\"divider divider-double\"><\/div>\n<h3>Youtube Video<\/h3>\n<a class=\"lightbox-enabled\" href=\"https:\/\/www.youtube.com\/embed\/vN83DfmH9Tw?rel=0&wmode=opaque&autohide=1&border=0&egm=0&showinfo=0\" data-caption=\"Test LightBox for an image\" title=\"Test LightBox for an image\">\n<img loading=\"lazy\" decoding=\"async\" class=\"aligncenter size-medium wp-image-120\" src=\"http:\/\/themes.tielabs.com\/wp-content\/uploads\/sites\/3\/2015\/01\/lock-300x200.jpg\" alt=\"lock\" width=\"300\" height=\"200\" srcset=\"https:\/\/sihirli.tv\/wp-content\/uploads\/2015\/01\/lock-300x200.jpg 300w, https:\/\/sihirli.tv\/wp-content\/uploads\/2015\/01\/lock-1024x683.jpg 1024w, https:\/\/sihirli.tv\/wp-content\/uploads\/2015\/01\/lock-768x512.jpg 768w, https:\/\/sihirli.tv\/wp-content\/uploads\/2015\/01\/lock.jpg 1200w\" sizes=\"(max-width: 300px) 100vw, 300px\" \/><\/a>\n<div class=\"clear\"><\/div><div style=\"margin-top:20px; margin-bottom:20px;\" class=\"divider divider-double\"><\/div>\n<h3>Vimeo Video<\/h3>\n<a class=\"lightbox-enabled\" href=\"https:\/\/player.vimeo.com\/video\/27246366?wmode=opaque\" data-caption=\"Test LightBox for an image\" title=\"Test LightBox for an image\"><img loading=\"lazy\" decoding=\"async\" class=\"aligncenter size-medium wp-image-90\" src=\"http:\/\/themes.tielabs.com\/wp-content\/uploads\/sites\/3\/2015\/01\/2681083646_467e833b70_b-300x200.jpg\" alt=\"2681083646_467e833b70_b\" width=\"300\" height=\"200\" srcset=\"https:\/\/sihirli.tv\/wp-content\/uploads\/2015\/01\/2681083646_467e833b70_b-300x200.jpg 300w, https:\/\/sihirli.tv\/wp-content\/uploads\/2015\/01\/2681083646_467e833b70_b-768x512.jpg 768w, https:\/\/sihirli.tv\/wp-content\/uploads\/2015\/01\/2681083646_467e833b70_b.jpg 1024w\" sizes=\"(max-width: 300px) 100vw, 300px\" \/><\/a>\n<div class=\"clear\"><\/div><div style=\"margin-top:20px; margin-bottom:20px;\" class=\"divider divider-double\"><\/div>\n<h3>Text<\/h3>\n<a class=\"lightbox-enabled\" href=\"http:\/\/themes.tielabs.com\/wp-content\/uploads\/sites\/3\/2015\/01\/6940343109_8e0633088e_b.jpg\" data-caption=\"Test LightBox for an image\" title=\"Test LightBox for an image\">Praesent adipiscing mi eget ipsum<\/a>\n","protected":false},"excerpt":{"rendered":"<p>Native WordPress [Gallery] Image Youtube Video Vimeo Video Text<\/p>\n","protected":false},"author":1,"featured_media":0,"parent":0,"menu_order":0,"comment_status":"closed","ping_status":"closed","template":"","meta":{"footnotes":""},"class_list":["post-268","page","type-page","status-publish",""],"yoast_head":"<!-- This site is optimized with the Yoast SEO plugin v27.5 - https:\/\/yoast.com\/product\/yoast-seo-wordpress\/ -->\n<title>Lightbox - Sihirli TV<\/title>\n<meta name=\"robots\" content=\"index, follow, max-snippet:-1, max-image-preview:large, max-video-preview:-1\" \/>\n<link rel=\"canonical\" href=\"https:\/\/sihirli.tv\/?page_id=268\" \/>\n<meta property=\"og:locale\" content=\"tr_TR\" \/>\n<meta property=\"og:type\" content=\"article\" \/>\n<meta property=\"og:title\" content=\"Lightbox - Sihirli TV\" \/>\n<meta property=\"og:description\" content=\"Native WordPress [Gallery] Image Youtube Video Vimeo Video Text\" \/>\n<meta property=\"og:url\" content=\"https:\/\/sihirli.tv\/?page_id=268\" \/>\n<meta property=\"og:site_name\" content=\"Sihirli TV\" \/>\n<meta property=\"og:image\" content=\"https:\/\/sihirli.tv\/wp-content\/uploads\/2015\/01\/nexus-6-review-150x150.jpg\" \/>\n<meta name=\"twitter:card\" content=\"summary_large_image\" \/>\n<meta name=\"twitter:label1\" content=\"Tahmini okuma s\u00fcresi\" \/>\n\t<meta name=\"twitter:data1\" content=\"1 dakika\" \/>\n<script type=\"application\/ld+json\" class=\"yoast-schema-graph\">{\"@context\":\"https:\\\/\\\/schema.org\",\"@graph\":[{\"@type\":\"WebPage\",\"@id\":\"https:\\\/\\\/sihirli.tv\\\/?page_id=268\",\"url\":\"https:\\\/\\\/sihirli.tv\\\/?page_id=268\",\"name\":\"Lightbox - Sihirli TV\",\"isPartOf\":{\"@id\":\"https:\\\/\\\/sihirli.tv\\\/#website\"},\"primaryImageOfPage\":{\"@id\":\"https:\\\/\\\/sihirli.tv\\\/?page_id=268#primaryimage\"},\"image\":{\"@id\":\"https:\\\/\\\/sihirli.tv\\\/?page_id=268#primaryimage\"},\"thumbnailUrl\":\"http:\\\/\\\/themes.tielabs.com\\\/wp-content\\\/uploads\\\/sites\\\/3\\\/2015\\\/01\\\/7717834982_bbd7e12b8c_b-300x200.jpg\",\"datePublished\":\"2015-01-26T18:13:30+00:00\",\"breadcrumb\":{\"@id\":\"https:\\\/\\\/sihirli.tv\\\/?page_id=268#breadcrumb\"},\"inLanguage\":\"tr\",\"potentialAction\":[{\"@type\":\"ReadAction\",\"target\":[\"https:\\\/\\\/sihirli.tv\\\/?page_id=268\"]}]},{\"@type\":\"ImageObject\",\"inLanguage\":\"tr\",\"@id\":\"https:\\\/\\\/sihirli.tv\\\/?page_id=268#primaryimage\",\"url\":\"http:\\\/\\\/themes.tielabs.com\\\/wp-content\\\/uploads\\\/sites\\\/3\\\/2015\\\/01\\\/7717834982_bbd7e12b8c_b-300x200.jpg\",\"contentUrl\":\"http:\\\/\\\/themes.tielabs.com\\\/wp-content\\\/uploads\\\/sites\\\/3\\\/2015\\\/01\\\/7717834982_bbd7e12b8c_b-300x200.jpg\"},{\"@type\":\"BreadcrumbList\",\"@id\":\"https:\\\/\\\/sihirli.tv\\\/?page_id=268#breadcrumb\",\"itemListElement\":[{\"@type\":\"ListItem\",\"position\":1,\"name\":\"Home\",\"item\":\"https:\\\/\\\/sihirli.tv\\\/\"},{\"@type\":\"ListItem\",\"position\":2,\"name\":\"Lightbox\"}]},{\"@type\":\"WebSite\",\"@id\":\"https:\\\/\\\/sihirli.tv\\\/#website\",\"url\":\"https:\\\/\\\/sihirli.tv\\\/\",\"name\":\"Sihirli TV\",\"description\":\"Gizemli Olaylar, Bilim ve Teknoloji, K\u00fclt\u00fcr\u00fcrel ve Sanatsal Ke\u015fifler, E\u011flenceli ve E\u011fitici \u0130\u00e7erikler\",\"potentialAction\":[{\"@type\":\"SearchAction\",\"target\":{\"@type\":\"EntryPoint\",\"urlTemplate\":\"https:\\\/\\\/sihirli.tv\\\/?s={search_term_string}\"},\"query-input\":{\"@type\":\"PropertyValueSpecification\",\"valueRequired\":true,\"valueName\":\"search_term_string\"}}],\"inLanguage\":\"tr\"}]}<\/script>\n<!-- \/ Yoast SEO plugin. -->","yoast_head_json":{"title":"Lightbox - Sihirli TV","robots":{"index":"index","follow":"follow","max-snippet":"max-snippet:-1","max-image-preview":"max-image-preview:large","max-video-preview":"max-video-preview:-1"},"canonical":"https:\/\/sihirli.tv\/?page_id=268","og_locale":"tr_TR","og_type":"article","og_title":"Lightbox - Sihirli TV","og_description":"Native WordPress [Gallery] Image Youtube Video Vimeo Video Text","og_url":"https:\/\/sihirli.tv\/?page_id=268","og_site_name":"Sihirli TV","og_image":[{"url":"https:\/\/sihirli.tv\/wp-content\/uploads\/2015\/01\/nexus-6-review-150x150.jpg","type":"","width":"","height":""}],"twitter_card":"summary_large_image","twitter_misc":{"Tahmini okuma s\u00fcresi":"1 dakika"},"schema":{"@context":"https:\/\/schema.org","@graph":[{"@type":"WebPage","@id":"https:\/\/sihirli.tv\/?page_id=268","url":"https:\/\/sihirli.tv\/?page_id=268","name":"Lightbox - Sihirli TV","isPartOf":{"@id":"https:\/\/sihirli.tv\/#website"},"primaryImageOfPage":{"@id":"https:\/\/sihirli.tv\/?page_id=268#primaryimage"},"image":{"@id":"https:\/\/sihirli.tv\/?page_id=268#primaryimage"},"thumbnailUrl":"http:\/\/themes.tielabs.com\/wp-content\/uploads\/sites\/3\/2015\/01\/7717834982_bbd7e12b8c_b-300x200.jpg","datePublished":"2015-01-26T18:13:30+00:00","breadcrumb":{"@id":"https:\/\/sihirli.tv\/?page_id=268#breadcrumb"},"inLanguage":"tr","potentialAction":[{"@type":"ReadAction","target":["https:\/\/sihirli.tv\/?page_id=268"]}]},{"@type":"ImageObject","inLanguage":"tr","@id":"https:\/\/sihirli.tv\/?page_id=268#primaryimage","url":"http:\/\/themes.tielabs.com\/wp-content\/uploads\/sites\/3\/2015\/01\/7717834982_bbd7e12b8c_b-300x200.jpg","contentUrl":"http:\/\/themes.tielabs.com\/wp-content\/uploads\/sites\/3\/2015\/01\/7717834982_bbd7e12b8c_b-300x200.jpg"},{"@type":"BreadcrumbList","@id":"https:\/\/sihirli.tv\/?page_id=268#breadcrumb","itemListElement":[{"@type":"ListItem","position":1,"name":"Home","item":"https:\/\/sihirli.tv\/"},{"@type":"ListItem","position":2,"name":"Lightbox"}]},{"@type":"WebSite","@id":"https:\/\/sihirli.tv\/#website","url":"https:\/\/sihirli.tv\/","name":"Sihirli TV","description":"Gizemli Olaylar, Bilim ve Teknoloji, K\u00fclt\u00fcr\u00fcrel ve Sanatsal Ke\u015fifler, E\u011flenceli ve E\u011fitici \u0130\u00e7erikler","potentialAction":[{"@type":"SearchAction","target":{"@type":"EntryPoint","urlTemplate":"https:\/\/sihirli.tv\/?s={search_term_string}"},"query-input":{"@type":"PropertyValueSpecification","valueRequired":true,"valueName":"search_term_string"}}],"inLanguage":"tr"}]}},"_links":{"self":[{"href":"https:\/\/sihirli.tv\/index.php?rest_route=\/wp\/v2\/pages\/268","targetHints":{"allow":["GET"]}}],"collection":[{"href":"https:\/\/sihirli.tv\/index.php?rest_route=\/wp\/v2\/pages"}],"about":[{"href":"https:\/\/sihirli.tv\/index.php?rest_route=\/wp\/v2\/types\/page"}],"author":[{"embeddable":true,"href":"https:\/\/sihirli.tv\/index.php?rest_route=\/wp\/v2\/users\/1"}],"replies":[{"embeddable":true,"href":"https:\/\/sihirli.tv\/index.php?rest_route=%2Fwp%2Fv2%2Fcomments&post=268"}],"version-history":[{"count":0,"href":"https:\/\/sihirli.tv\/index.php?rest_route=\/wp\/v2\/pages\/268\/revisions"}],"wp:attachment":[{"href":"https:\/\/sihirli.tv\/index.php?rest_route=%2Fwp%2Fv2%2Fmedia&parent=268"}],"curies":[{"name":"wp","href":"https:\/\/api.w.org\/{rel}","templated":true}]}}