{"id":232,"date":"2015-01-24T16:58:16","date_gmt":"2015-01-24T16:58:16","guid":{"rendered":"http:\/\/themes.tielabs.com\/sahifa5\/?page_id=232"},"modified":"2015-01-24T16:58:16","modified_gmt":"2015-01-24T16:58:16","slug":"social-shortcodes","status":"publish","type":"page","link":"https:\/\/sihirli.tv\/?page_id=232","title":{"rendered":"Social Shortcodes"},"content":{"rendered":"<h3>Flickr<\/h3>\n<div class=\"flickr-wrapper\">\n\t<script type=\"text\/javascript\" src=\"https:\/\/www.flickr.com\/badge_code_v2.gne?count=6&amp;display=latest&amp;size=s&amp;layout=x&amp;source=user&amp;user=44304079@N05\"><\/script>\n\t<\/div>\n<div class=\"clear\"><\/div><div style=\"margin-top:20px; margin-bottom:20px;\" class=\"divider divider-double\"><\/div>\n<h3>Share Buttons<\/h3>\n<iframe src=\"https:\/\/www.facebook.com\/plugins\/like.php?href=https:\/\/sihirli.tv\/?page_id=232&amp;layout=box_count&amp;show_faces=false&amp;width=100&amp;action=like&amp;font&amp;colorscheme=light&amp;height=65\" scrolling=\"no\" frameborder=\"0\" style=\"border:none; overflow:hidden; width:50px; height:65px;\" allowTransparency=\"true\"><\/iframe>\n\t<script type='text\/javascript'>\n(function() {\nvar s = document.createElement('SCRIPT'), s1 = document.getElementsByTagName('SCRIPT')[0];\ns.type = 'text\/javascript';\ns.async = true;\ns.src = 'https:\/\/widgets.digg.com\/buttons.js';\ns1.parentNode.insertBefore(s, s1);\n})();\n<\/script><a class='DiggThisButton DiggMedium' href='http:\/\/digg.com\/submit?urlhttps:\/\/sihirli.tv\/?page_id=232=&amp;title=Social Shortcodes'><\/a><su:badge layout='5' location='https:\/\/sihirli.tv\/?page_id=232'><\/su:badge>\n<script type='text\/javascript'>\n\t(function() {\n\t\tvar li = document.createElement('script'); li.type = 'text\/javascript'; li.async = true;\n\t\tli.src = 'https:\/\/platform.stumbleupon.com\/1\/widgets.js';\n\t\tvar s = document.getElementsByTagName('script')[0]; s.parentNode.insertBefore(li, s);\n\t})();\n<\/script>[Google]<script type=\"text\/javascript\" src=\"\/\/assets.pinterest.com\/js\/pinit.js\"><\/script>\n\t<a href=\"http:\/\/pinterest.com\/pin\/create\/button\/?url=https:\/\/sihirli.tv\/?page_id=232&amp;media= class=\"pin-it-button\" count-layout=\"vertical\"><img decoding=\"async\" border=\"0\" src=\"\/\/assets.pinterest.com\/images\/PinExt.png\" title=\"Pin It\" \/><\/a>\n\t<a href=\"$protocol:\/\/twitter.com\/mo3aser\" class=\"twitter-follow-button\" data-show-count=\"true\" data-size=\"large\">Follow @mo3aser<\/a>\n\t<script>!function(d,s,id){var js,fjs=d.getElementsByTagName(s)[0];if(!d.getElementById(id)){js=d.createElement(s);js.id=id;js.src=\"\/\/platform.twitter.com\/widgets.js\";fjs.parentNode.insertBefore(js,fjs);}}(document,\"script\",\"twitter-wjs\");<\/script>\n\t<a href=\"$protocol:\/\/twitter.com\/mo3aser\" class=\"twitter-follow-button\" data-show-count=\"false\" >Follow @mo3aser<\/a>\n\t<script>!function(d,s,id){var js,fjs=d.getElementsByTagName(s)[0];if(!d.getElementById(id)){js=d.createElement(s);js.id=id;js.src=\"\/\/platform.twitter.com\/widgets.js\";fjs.parentNode.insertBefore(js,fjs);}}(document,\"script\",\"twitter-wjs\");<\/script>\n<div class=\"clear\"><\/div><div style=\"margin-top:20px; margin-bottom:20px;\" class=\"divider divider-double\"><\/div>\n<h3>Google Maps<\/h3>\n<div class=\"google-map aligncenter\"><iframe width=\"\" height=\"\" frameborder=\"0\" scrolling=\"no\" marginheight=\"0\" marginwidth=\"0\" src=\"https:\/\/maps.google.com\/maps?q=egypt&amp;hl=en&amp;sll=26.820553,30.802498&amp;sspn=16.874794,19.753418&amp;hnear=Egypt&amp;t=m&amp;z=6&amp;output=embed&amp;output=embed&amp;output=embed\"><\/iframe><\/div>\n<div class=\"clear\"><\/div><div style=\"margin-top:20px; margin-bottom:20px;\" class=\"divider divider-double\"><\/div>\n<h3>Feed<\/h3>\n<ul><li>No items.<\/li><\/ul>\n","protected":false},"excerpt":{"rendered":"<p>Flickr Share Buttons [Google] Google Maps Feed<\/p>\n","protected":false},"author":1,"featured_media":0,"parent":0,"menu_order":0,"comment_status":"closed","ping_status":"closed","template":"","meta":{"footnotes":""},"class_list":["post-232","page","type-page","status-publish",""],"yoast_head":"<!-- This site is optimized with the Yoast SEO plugin v27.5 - https:\/\/yoast.com\/product\/yoast-seo-wordpress\/ -->\n<title>Social Shortcodes - Sihirli TV<\/title>\n<meta name=\"robots\" content=\"index, follow, max-snippet:-1, max-image-preview:large, max-video-preview:-1\" \/>\n<link rel=\"canonical\" href=\"https:\/\/sihirli.tv\/?page_id=232\" \/>\n<meta property=\"og:locale\" content=\"tr_TR\" \/>\n<meta property=\"og:type\" content=\"article\" \/>\n<meta property=\"og:title\" content=\"Social Shortcodes - Sihirli TV\" \/>\n<meta property=\"og:description\" content=\"Flickr Share Buttons [Google] Google Maps Feed\" \/>\n<meta property=\"og:url\" content=\"https:\/\/sihirli.tv\/?page_id=232\" \/>\n<meta property=\"og:site_name\" content=\"Sihirli TV\" \/>\n<meta name=\"twitter:card\" content=\"summary_large_image\" \/>\n<script type=\"application\/ld+json\" class=\"yoast-schema-graph\">{\"@context\":\"https:\\\/\\\/schema.org\",\"@graph\":[{\"@type\":\"WebPage\",\"@id\":\"https:\\\/\\\/sihirli.tv\\\/?page_id=232\",\"url\":\"https:\\\/\\\/sihirli.tv\\\/?page_id=232\",\"name\":\"Social Shortcodes - Sihirli TV\",\"isPartOf\":{\"@id\":\"https:\\\/\\\/sihirli.tv\\\/#website\"},\"datePublished\":\"2015-01-24T16:58:16+00:00\",\"breadcrumb\":{\"@id\":\"https:\\\/\\\/sihirli.tv\\\/?page_id=232#breadcrumb\"},\"inLanguage\":\"tr\",\"potentialAction\":[{\"@type\":\"ReadAction\",\"target\":[\"https:\\\/\\\/sihirli.tv\\\/?page_id=232\"]}]},{\"@type\":\"BreadcrumbList\",\"@id\":\"https:\\\/\\\/sihirli.tv\\\/?page_id=232#breadcrumb\",\"itemListElement\":[{\"@type\":\"ListItem\",\"position\":1,\"name\":\"Home\",\"item\":\"https:\\\/\\\/sihirli.tv\\\/\"},{\"@type\":\"ListItem\",\"position\":2,\"name\":\"Social Shortcodes\"}]},{\"@type\":\"WebSite\",\"@id\":\"https:\\\/\\\/sihirli.tv\\\/#website\",\"url\":\"https:\\\/\\\/sihirli.tv\\\/\",\"name\":\"Sihirli TV\",\"description\":\"Gizemli Olaylar, Bilim ve Teknoloji, K\u00fclt\u00fcr\u00fcrel ve Sanatsal Ke\u015fifler, E\u011flenceli ve E\u011fitici \u0130\u00e7erikler\",\"potentialAction\":[{\"@type\":\"SearchAction\",\"target\":{\"@type\":\"EntryPoint\",\"urlTemplate\":\"https:\\\/\\\/sihirli.tv\\\/?s={search_term_string}\"},\"query-input\":{\"@type\":\"PropertyValueSpecification\",\"valueRequired\":true,\"valueName\":\"search_term_string\"}}],\"inLanguage\":\"tr\"}]}<\/script>\n<!-- \/ Yoast SEO plugin. -->","yoast_head_json":{"title":"Social Shortcodes - Sihirli TV","robots":{"index":"index","follow":"follow","max-snippet":"max-snippet:-1","max-image-preview":"max-image-preview:large","max-video-preview":"max-video-preview:-1"},"canonical":"https:\/\/sihirli.tv\/?page_id=232","og_locale":"tr_TR","og_type":"article","og_title":"Social Shortcodes - Sihirli TV","og_description":"Flickr Share Buttons [Google] Google Maps Feed","og_url":"https:\/\/sihirli.tv\/?page_id=232","og_site_name":"Sihirli TV","twitter_card":"summary_large_image","schema":{"@context":"https:\/\/schema.org","@graph":[{"@type":"WebPage","@id":"https:\/\/sihirli.tv\/?page_id=232","url":"https:\/\/sihirli.tv\/?page_id=232","name":"Social Shortcodes - Sihirli TV","isPartOf":{"@id":"https:\/\/sihirli.tv\/#website"},"datePublished":"2015-01-24T16:58:16+00:00","breadcrumb":{"@id":"https:\/\/sihirli.tv\/?page_id=232#breadcrumb"},"inLanguage":"tr","potentialAction":[{"@type":"ReadAction","target":["https:\/\/sihirli.tv\/?page_id=232"]}]},{"@type":"BreadcrumbList","@id":"https:\/\/sihirli.tv\/?page_id=232#breadcrumb","itemListElement":[{"@type":"ListItem","position":1,"name":"Home","item":"https:\/\/sihirli.tv\/"},{"@type":"ListItem","position":2,"name":"Social Shortcodes"}]},{"@type":"WebSite","@id":"https:\/\/sihirli.tv\/#website","url":"https:\/\/sihirli.tv\/","name":"Sihirli TV","description":"Gizemli Olaylar, Bilim ve Teknoloji, K\u00fclt\u00fcr\u00fcrel ve Sanatsal Ke\u015fifler, E\u011flenceli ve E\u011fitici \u0130\u00e7erikler","potentialAction":[{"@type":"SearchAction","target":{"@type":"EntryPoint","urlTemplate":"https:\/\/sihirli.tv\/?s={search_term_string}"},"query-input":{"@type":"PropertyValueSpecification","valueRequired":true,"valueName":"search_term_string"}}],"inLanguage":"tr"}]}},"_links":{"self":[{"href":"https:\/\/sihirli.tv\/index.php?rest_route=\/wp\/v2\/pages\/232","targetHints":{"allow":["GET"]}}],"collection":[{"href":"https:\/\/sihirli.tv\/index.php?rest_route=\/wp\/v2\/pages"}],"about":[{"href":"https:\/\/sihirli.tv\/index.php?rest_route=\/wp\/v2\/types\/page"}],"author":[{"embeddable":true,"href":"https:\/\/sihirli.tv\/index.php?rest_route=\/wp\/v2\/users\/1"}],"replies":[{"embeddable":true,"href":"https:\/\/sihirli.tv\/index.php?rest_route=%2Fwp%2Fv2%2Fcomments&post=232"}],"version-history":[{"count":0,"href":"https:\/\/sihirli.tv\/index.php?rest_route=\/wp\/v2\/pages\/232\/revisions"}],"wp:attachment":[{"href":"https:\/\/sihirli.tv\/index.php?rest_route=%2Fwp%2Fv2%2Fmedia&parent=232"}],"curies":[{"name":"wp","href":"https:\/\/api.w.org\/{rel}","templated":true}]}}