{"id":221,"date":"2015-01-24T16:39:55","date_gmt":"2015-01-24T16:39:55","guid":{"rendered":"http:\/\/themes.tielabs.com\/sahifa5\/?page_id=221"},"modified":"2015-01-24T16:39:55","modified_gmt":"2015-01-24T16:39:55","slug":"221-2","status":"publish","type":"page","link":"https:\/\/sihirli.tv\/?page_id=221","title":{"rendered":"Buttons"},"content":{"rendered":"<h3>Small Buttons<\/h3>\n<a href=\"#\" class=\"shortc-button small red \">Small<\/a>\n<a href=\"#\" class=\"shortc-button small orange \">Small<\/a>\n<a href=\"#\" class=\"shortc-button small blue \">Small<\/a>\n<a href=\"#\" class=\"shortc-button small green \">Small<\/a>\n<a href=\"#\" class=\"shortc-button small black \">Small<\/a>\n<a href=\"#\" class=\"shortc-button small gray \">Small<\/a>\n<a href=\"#\" class=\"shortc-button small white \">Small<\/a>\n<a href=\"#\" class=\"shortc-button small pink \">Small<\/a>\n<a href=\"#\" class=\"shortc-button small purple  \">Small<\/a>\n<div class=\"clear\"><\/div><div style=\"margin-top:20px; margin-bottom:20px;\" class=\"divider divider-double\"><\/div>\n<h3>Medium Buttons<\/h3>\n<a href=\"#\" class=\"shortc-button medium red \">Medium<\/a>\n<a href=\"#\" class=\"shortc-button medium orange \">Medium<\/a>\n<a href=\"#\" class=\"shortc-button medium blue \">Medium<\/a>\n<a href=\"#\" class=\"shortc-button medium green \">Medium<\/a>\n<a href=\"#\" class=\"shortc-button medium black \">Medium<\/a>\n<a href=\"#\" class=\"shortc-button medium gray \">Medium<\/a>\n<a href=\"#\" class=\"shortc-button medium white \">Medium<\/a>\n<a href=\"#\" class=\"shortc-button medium pink \">Medium<\/a>\n<a href=\"#\" class=\"shortc-button medium purple  \">Medium<\/a>\n<div class=\"clear\"><\/div><div style=\"margin-top:20px; margin-bottom:20px;\" class=\"divider divider-double\"><\/div>\n<p>&nbsp;<\/p>\n<h3>Large Buttons<\/h3>\n<a href=\"#\" class=\"shortc-button big red \">Large<\/a>\n<a href=\"#\" class=\"shortc-button big orange \">Large<\/a>\n<a href=\"#\" class=\"shortc-button big blue \">Large<\/a>\n<a href=\"#\" class=\"shortc-button big green \">Large<\/a>\n<a href=\"#\" class=\"shortc-button big black \">Large<\/a>\n<a href=\"#\" class=\"shortc-button big gray \">Large<\/a>\n<a href=\"#\" class=\"shortc-button big white \">Large<\/a>\n<a href=\"#\" class=\"shortc-button big pink \">Large<\/a>\n<a href=\"#\" class=\"shortc-button big purple  \">Large<\/a>\n<p>&nbsp;<\/p>\n<div class=\"clear\"><\/div><div style=\"margin-top:20px; margin-bottom:20px;\" class=\"divider divider-double\"><\/div>\n<h3>Buttons With Icons<\/h3>\n<a href=\"#\" class=\"shortc-button big green \"><i class=\"fa fa-download\"><\/i>Download<\/a>\n<a href=\"#\" class=\"shortc-button medium blue \"><i class=\"fa fa-twitter\"><\/i>Follow<\/a>\n<a href=\"#\" class=\"shortc-button small purple  \"><i class=\"fa fa-external-link\"><\/i>View Now<\/a>\n<p>&nbsp;<\/p>\n","protected":false},"excerpt":{"rendered":"<p>Small Buttons Medium Buttons &nbsp; Large Buttons &nbsp; Buttons With Icons &nbsp;<\/p>\n","protected":false},"author":1,"featured_media":0,"parent":0,"menu_order":0,"comment_status":"closed","ping_status":"closed","template":"","meta":{"footnotes":""},"class_list":["post-221","page","type-page","status-publish",""],"yoast_head":"<!-- This site is optimized with the Yoast SEO plugin v27.5 - https:\/\/yoast.com\/product\/yoast-seo-wordpress\/ -->\n<title>Buttons - Sihirli TV<\/title>\n<meta name=\"robots\" content=\"index, follow, max-snippet:-1, max-image-preview:large, max-video-preview:-1\" \/>\n<link rel=\"canonical\" href=\"https:\/\/sihirli.tv\/?page_id=221\" \/>\n<meta property=\"og:locale\" content=\"tr_TR\" \/>\n<meta property=\"og:type\" content=\"article\" \/>\n<meta property=\"og:title\" content=\"Buttons - Sihirli TV\" \/>\n<meta property=\"og:description\" content=\"Small Buttons Medium Buttons &nbsp; Large Buttons &nbsp; Buttons With Icons &nbsp;\" \/>\n<meta property=\"og:url\" content=\"https:\/\/sihirli.tv\/?page_id=221\" \/>\n<meta property=\"og:site_name\" content=\"Sihirli TV\" \/>\n<meta name=\"twitter:card\" content=\"summary_large_image\" \/>\n<meta name=\"twitter:label1\" content=\"Tahmini okuma s\u00fcresi\" \/>\n\t<meta name=\"twitter:data1\" content=\"2 dakika\" \/>\n<script type=\"application\/ld+json\" class=\"yoast-schema-graph\">{\"@context\":\"https:\\\/\\\/schema.org\",\"@graph\":[{\"@type\":\"WebPage\",\"@id\":\"https:\\\/\\\/sihirli.tv\\\/?page_id=221\",\"url\":\"https:\\\/\\\/sihirli.tv\\\/?page_id=221\",\"name\":\"Buttons - Sihirli TV\",\"isPartOf\":{\"@id\":\"https:\\\/\\\/sihirli.tv\\\/#website\"},\"datePublished\":\"2015-01-24T16:39:55+00:00\",\"breadcrumb\":{\"@id\":\"https:\\\/\\\/sihirli.tv\\\/?page_id=221#breadcrumb\"},\"inLanguage\":\"tr\",\"potentialAction\":[{\"@type\":\"ReadAction\",\"target\":[\"https:\\\/\\\/sihirli.tv\\\/?page_id=221\"]}]},{\"@type\":\"BreadcrumbList\",\"@id\":\"https:\\\/\\\/sihirli.tv\\\/?page_id=221#breadcrumb\",\"itemListElement\":[{\"@type\":\"ListItem\",\"position\":1,\"name\":\"Home\",\"item\":\"https:\\\/\\\/sihirli.tv\\\/\"},{\"@type\":\"ListItem\",\"position\":2,\"name\":\"Buttons\"}]},{\"@type\":\"WebSite\",\"@id\":\"https:\\\/\\\/sihirli.tv\\\/#website\",\"url\":\"https:\\\/\\\/sihirli.tv\\\/\",\"name\":\"Sihirli TV\",\"description\":\"Gizemli Olaylar, Bilim ve Teknoloji, K\u00fclt\u00fcr\u00fcrel ve Sanatsal Ke\u015fifler, E\u011flenceli ve E\u011fitici \u0130\u00e7erikler\",\"potentialAction\":[{\"@type\":\"SearchAction\",\"target\":{\"@type\":\"EntryPoint\",\"urlTemplate\":\"https:\\\/\\\/sihirli.tv\\\/?s={search_term_string}\"},\"query-input\":{\"@type\":\"PropertyValueSpecification\",\"valueRequired\":true,\"valueName\":\"search_term_string\"}}],\"inLanguage\":\"tr\"}]}<\/script>\n<!-- \/ Yoast SEO plugin. -->","yoast_head_json":{"title":"Buttons - Sihirli TV","robots":{"index":"index","follow":"follow","max-snippet":"max-snippet:-1","max-image-preview":"max-image-preview:large","max-video-preview":"max-video-preview:-1"},"canonical":"https:\/\/sihirli.tv\/?page_id=221","og_locale":"tr_TR","og_type":"article","og_title":"Buttons - Sihirli TV","og_description":"Small Buttons Medium Buttons &nbsp; Large Buttons &nbsp; Buttons With Icons &nbsp;","og_url":"https:\/\/sihirli.tv\/?page_id=221","og_site_name":"Sihirli TV","twitter_card":"summary_large_image","twitter_misc":{"Tahmini okuma s\u00fcresi":"2 dakika"},"schema":{"@context":"https:\/\/schema.org","@graph":[{"@type":"WebPage","@id":"https:\/\/sihirli.tv\/?page_id=221","url":"https:\/\/sihirli.tv\/?page_id=221","name":"Buttons - Sihirli TV","isPartOf":{"@id":"https:\/\/sihirli.tv\/#website"},"datePublished":"2015-01-24T16:39:55+00:00","breadcrumb":{"@id":"https:\/\/sihirli.tv\/?page_id=221#breadcrumb"},"inLanguage":"tr","potentialAction":[{"@type":"ReadAction","target":["https:\/\/sihirli.tv\/?page_id=221"]}]},{"@type":"BreadcrumbList","@id":"https:\/\/sihirli.tv\/?page_id=221#breadcrumb","itemListElement":[{"@type":"ListItem","position":1,"name":"Home","item":"https:\/\/sihirli.tv\/"},{"@type":"ListItem","position":2,"name":"Buttons"}]},{"@type":"WebSite","@id":"https:\/\/sihirli.tv\/#website","url":"https:\/\/sihirli.tv\/","name":"Sihirli TV","description":"Gizemli Olaylar, Bilim ve Teknoloji, K\u00fclt\u00fcr\u00fcrel ve Sanatsal Ke\u015fifler, E\u011flenceli ve E\u011fitici \u0130\u00e7erikler","potentialAction":[{"@type":"SearchAction","target":{"@type":"EntryPoint","urlTemplate":"https:\/\/sihirli.tv\/?s={search_term_string}"},"query-input":{"@type":"PropertyValueSpecification","valueRequired":true,"valueName":"search_term_string"}}],"inLanguage":"tr"}]}},"_links":{"self":[{"href":"https:\/\/sihirli.tv\/index.php?rest_route=\/wp\/v2\/pages\/221","targetHints":{"allow":["GET"]}}],"collection":[{"href":"https:\/\/sihirli.tv\/index.php?rest_route=\/wp\/v2\/pages"}],"about":[{"href":"https:\/\/sihirli.tv\/index.php?rest_route=\/wp\/v2\/types\/page"}],"author":[{"embeddable":true,"href":"https:\/\/sihirli.tv\/index.php?rest_route=\/wp\/v2\/users\/1"}],"replies":[{"embeddable":true,"href":"https:\/\/sihirli.tv\/index.php?rest_route=%2Fwp%2Fv2%2Fcomments&post=221"}],"version-history":[{"count":0,"href":"https:\/\/sihirli.tv\/index.php?rest_route=\/wp\/v2\/pages\/221\/revisions"}],"wp:attachment":[{"href":"https:\/\/sihirli.tv\/index.php?rest_route=%2Fwp%2Fv2%2Fmedia&parent=221"}],"curies":[{"name":"wp","href":"https:\/\/api.w.org\/{rel}","templated":true}]}}