{"id":218,"date":"2015-01-24T16:37:19","date_gmt":"2015-01-24T16:37:19","guid":{"rendered":"http:\/\/themes.tielabs.com\/sahifa5\/?page_id=218"},"modified":"2015-01-24T16:37:19","modified_gmt":"2015-01-24T16:37:19","slug":"boxes","status":"publish","type":"page","link":"https:\/\/sihirli.tv\/?page_id=218","title":{"rendered":"Boxes"},"content":{"rendered":"<div class=\"box info  \"><div class=\"box-inner-block\"><i class=\"fa tie-shortcode-boxicon\"><\/i>\n\t\t\t <span class=\"dropcap \">S<\/span>uscipit sed at montes at tellus. Aliquam nisl penatibus commodo massa mi rutrum, ut massa mollis dolor dui at, tortor ullamcorper vel diam pretium sit leo, pellentesque in leo eu mauris mollis aliquam, ultricies adipiscing eu a dui sollicitudin posuere. Massa vivamus ac ipsum, pede enim quam sit, mus aliquam amet pede quis laboriosam.\n\t\t\t<\/div><\/div>\n<div class=\"box success  \"><div class=\"box-inner-block\"><i class=\"fa tie-shortcode-boxicon\"><\/i>\n\t\t\t <span class=\"dropcap \">S<\/span>uscipit sed at montes at tellus. Aliquam nisl penatibus commodo massa mi rutrum, ut massa mollis dolor dui at, tortor ullamcorper vel diam pretium sit leo, pellentesque in leo eu mauris mollis aliquam, ultricies adipiscing eu a dui sollicitudin posuere. Massa vivamus ac ipsum, pede enim quam sit, mus aliquam amet pede quis laboriosam.\n\t\t\t<\/div><\/div>\n<div class=\"box warning  \"><div class=\"box-inner-block\"><i class=\"fa tie-shortcode-boxicon\"><\/i>\n\t\t\t <span class=\"dropcap \">S<\/span>uscipit sed at montes at tellus. Aliquam nisl penatibus commodo massa mi rutrum, ut massa mollis dolor dui at, tortor ullamcorper vel diam pretium sit leo, pellentesque in leo eu mauris mollis aliquam, ultricies adipiscing eu a dui sollicitudin posuere. Massa vivamus ac ipsum, pede enim quam sit, mus aliquam amet pede quis laboriosam.\n\t\t\t<\/div><\/div>\n<div class=\"box error  \"><div class=\"box-inner-block\"><i class=\"fa tie-shortcode-boxicon\"><\/i>\n\t\t\t <span class=\"dropcap \">S<\/span>uscipit sed at montes at tellus. Aliquam nisl penatibus commodo massa mi rutrum, ut massa mollis dolor dui at, tortor ullamcorper vel diam pretium sit leo, pellentesque in leo eu mauris mollis aliquam, ultricies adipiscing eu a dui sollicitudin posuere. Massa vivamus ac ipsum, pede enim quam sit, mus aliquam amet pede quis laboriosam.\n\t\t\t<\/div><\/div>\n<div class=\"box download  \"><div class=\"box-inner-block\"><i class=\"fa tie-shortcode-boxicon\"><\/i>\n\t\t\t <span class=\"dropcap \">S<\/span>uscipit sed at montes at tellus. Aliquam nisl penatibus commodo massa mi rutrum, ut massa mollis dolor dui at, tortor ullamcorper vel diam pretium sit leo, pellentesque in leo eu mauris mollis aliquam, ultricies adipiscing eu a dui sollicitudin posuere. Massa vivamus ac ipsum, pede enim quam sit, mus aliquam amet pede quis laboriosam.\n\t\t\t<\/div><\/div>\n<div class=\"box note  \"><div class=\"box-inner-block\"><i class=\"fa tie-shortcode-boxicon\"><\/i>\n\t\t\t <span class=\"dropcap \">S<\/span>uscipit sed at montes at tellus. Aliquam nisl penatibus commodo massa mi rutrum, ut massa mollis dolor dui at, tortor ullamcorper vel diam pretium sit leo, pellentesque in leo eu mauris mollis aliquam, ultricies adipiscing eu a dui sollicitudin posuere. Massa vivamus ac ipsum, pede enim quam sit, mus aliquam amet pede quis laboriosam.\n\t\t\t<\/div><\/div>\n<div class=\"box shadow  \"><div class=\"box-inner-block\"><i class=\"fa tie-shortcode-boxicon\"><\/i>\n\t\t\t <span class=\"dropcap \">S<\/span>uscipit sed at montes at tellus. Aliquam nisl penatibus commodo massa mi rutrum, ut massa mollis dolor dui at, tortor ullamcorper vel diam pretium sit leo, pellentesque in leo eu mauris mollis aliquam, ultricies adipiscing eu a dui sollicitudin posuere. Massa vivamus ac ipsum, pede enim quam sit, mus aliquam amet pede quis laboriosam.\n\t\t\t<\/div><\/div>\n","protected":false},"excerpt":{"rendered":"","protected":false},"author":1,"featured_media":0,"parent":0,"menu_order":0,"comment_status":"closed","ping_status":"closed","template":"","meta":{"footnotes":""},"class_list":["post-218","page","type-page","status-publish",""],"yoast_head":"<!-- This site is optimized with the Yoast SEO plugin v27.5 - https:\/\/yoast.com\/product\/yoast-seo-wordpress\/ -->\n<title>Boxes - Sihirli TV<\/title>\n<meta name=\"robots\" content=\"index, follow, max-snippet:-1, max-image-preview:large, max-video-preview:-1\" \/>\n<link rel=\"canonical\" href=\"https:\/\/sihirli.tv\/?page_id=218\" \/>\n<meta property=\"og:locale\" content=\"tr_TR\" \/>\n<meta property=\"og:type\" content=\"article\" \/>\n<meta property=\"og:title\" content=\"Boxes - Sihirli TV\" \/>\n<meta property=\"og:url\" content=\"https:\/\/sihirli.tv\/?page_id=218\" \/>\n<meta property=\"og:site_name\" content=\"Sihirli TV\" \/>\n<meta name=\"twitter:card\" content=\"summary_large_image\" \/>\n<meta name=\"twitter:label1\" content=\"Tahmini okuma s\u00fcresi\" \/>\n\t<meta name=\"twitter:data1\" content=\"2 dakika\" \/>\n<script type=\"application\/ld+json\" class=\"yoast-schema-graph\">{\"@context\":\"https:\\\/\\\/schema.org\",\"@graph\":[{\"@type\":\"WebPage\",\"@id\":\"https:\\\/\\\/sihirli.tv\\\/?page_id=218\",\"url\":\"https:\\\/\\\/sihirli.tv\\\/?page_id=218\",\"name\":\"Boxes - Sihirli TV\",\"isPartOf\":{\"@id\":\"https:\\\/\\\/sihirli.tv\\\/#website\"},\"datePublished\":\"2015-01-24T16:37:19+00:00\",\"breadcrumb\":{\"@id\":\"https:\\\/\\\/sihirli.tv\\\/?page_id=218#breadcrumb\"},\"inLanguage\":\"tr\",\"potentialAction\":[{\"@type\":\"ReadAction\",\"target\":[\"https:\\\/\\\/sihirli.tv\\\/?page_id=218\"]}]},{\"@type\":\"BreadcrumbList\",\"@id\":\"https:\\\/\\\/sihirli.tv\\\/?page_id=218#breadcrumb\",\"itemListElement\":[{\"@type\":\"ListItem\",\"position\":1,\"name\":\"Home\",\"item\":\"https:\\\/\\\/sihirli.tv\\\/\"},{\"@type\":\"ListItem\",\"position\":2,\"name\":\"Boxes\"}]},{\"@type\":\"WebSite\",\"@id\":\"https:\\\/\\\/sihirli.tv\\\/#website\",\"url\":\"https:\\\/\\\/sihirli.tv\\\/\",\"name\":\"Sihirli TV\",\"description\":\"Gizemli Olaylar, Bilim ve Teknoloji, K\u00fclt\u00fcr\u00fcrel ve Sanatsal Ke\u015fifler, E\u011flenceli ve E\u011fitici \u0130\u00e7erikler\",\"potentialAction\":[{\"@type\":\"SearchAction\",\"target\":{\"@type\":\"EntryPoint\",\"urlTemplate\":\"https:\\\/\\\/sihirli.tv\\\/?s={search_term_string}\"},\"query-input\":{\"@type\":\"PropertyValueSpecification\",\"valueRequired\":true,\"valueName\":\"search_term_string\"}}],\"inLanguage\":\"tr\"}]}<\/script>\n<!-- \/ Yoast SEO plugin. -->","yoast_head_json":{"title":"Boxes - Sihirli TV","robots":{"index":"index","follow":"follow","max-snippet":"max-snippet:-1","max-image-preview":"max-image-preview:large","max-video-preview":"max-video-preview:-1"},"canonical":"https:\/\/sihirli.tv\/?page_id=218","og_locale":"tr_TR","og_type":"article","og_title":"Boxes - Sihirli TV","og_url":"https:\/\/sihirli.tv\/?page_id=218","og_site_name":"Sihirli TV","twitter_card":"summary_large_image","twitter_misc":{"Tahmini okuma s\u00fcresi":"2 dakika"},"schema":{"@context":"https:\/\/schema.org","@graph":[{"@type":"WebPage","@id":"https:\/\/sihirli.tv\/?page_id=218","url":"https:\/\/sihirli.tv\/?page_id=218","name":"Boxes - Sihirli TV","isPartOf":{"@id":"https:\/\/sihirli.tv\/#website"},"datePublished":"2015-01-24T16:37:19+00:00","breadcrumb":{"@id":"https:\/\/sihirli.tv\/?page_id=218#breadcrumb"},"inLanguage":"tr","potentialAction":[{"@type":"ReadAction","target":["https:\/\/sihirli.tv\/?page_id=218"]}]},{"@type":"BreadcrumbList","@id":"https:\/\/sihirli.tv\/?page_id=218#breadcrumb","itemListElement":[{"@type":"ListItem","position":1,"name":"Home","item":"https:\/\/sihirli.tv\/"},{"@type":"ListItem","position":2,"name":"Boxes"}]},{"@type":"WebSite","@id":"https:\/\/sihirli.tv\/#website","url":"https:\/\/sihirli.tv\/","name":"Sihirli TV","description":"Gizemli Olaylar, Bilim ve Teknoloji, K\u00fclt\u00fcr\u00fcrel ve Sanatsal Ke\u015fifler, E\u011flenceli ve E\u011fitici \u0130\u00e7erikler","potentialAction":[{"@type":"SearchAction","target":{"@type":"EntryPoint","urlTemplate":"https:\/\/sihirli.tv\/?s={search_term_string}"},"query-input":{"@type":"PropertyValueSpecification","valueRequired":true,"valueName":"search_term_string"}}],"inLanguage":"tr"}]}},"_links":{"self":[{"href":"https:\/\/sihirli.tv\/index.php?rest_route=\/wp\/v2\/pages\/218","targetHints":{"allow":["GET"]}}],"collection":[{"href":"https:\/\/sihirli.tv\/index.php?rest_route=\/wp\/v2\/pages"}],"about":[{"href":"https:\/\/sihirli.tv\/index.php?rest_route=\/wp\/v2\/types\/page"}],"author":[{"embeddable":true,"href":"https:\/\/sihirli.tv\/index.php?rest_route=\/wp\/v2\/users\/1"}],"replies":[{"embeddable":true,"href":"https:\/\/sihirli.tv\/index.php?rest_route=%2Fwp%2Fv2%2Fcomments&post=218"}],"version-history":[{"count":0,"href":"https:\/\/sihirli.tv\/index.php?rest_route=\/wp\/v2\/pages\/218\/revisions"}],"wp:attachment":[{"href":"https:\/\/sihirli.tv\/index.php?rest_route=%2Fwp%2Fv2%2Fmedia&parent=218"}],"curies":[{"name":"wp","href":"https:\/\/api.w.org\/{rel}","templated":true}]}}