{"id":208,"date":"2015-01-24T16:19:48","date_gmt":"2015-01-24T16:19:48","guid":{"rendered":"http:\/\/themes.tielabs.com\/sahifa5\/?page_id=208"},"modified":"2015-01-24T16:19:48","modified_gmt":"2015-01-24T16:19:48","slug":"columns","status":"publish","type":"page","link":"https:\/\/sihirli.tv\/?page_id=208","title":{"rendered":"Columns"},"content":{"rendered":"<div class=\"one_half\">\n<h3>[1\/2]<\/h3>\n<p>Donec sed tellus eget sapien fringilla nonummy. Mauris a ante. Suspendisse quam sem, consequat at, commodo vitae, feugiat in, nunc. Morbi imperdiet augue quis tellus. Lorem ipsum dolor sit amet. Quisque aliquam. Donec faucibus.<br \/>\n<\/div>\n<div class=\"one_half last\">\n<h3>[1\/2]<\/h3>\n<p>Donec sed tellus eget sapien fringilla nonummy. Mauris a ante. Suspendisse quam sem, consequat at, commodo vitae, feugiat in, nunc. Morbi imperdiet augue quis tellus. Lorem ipsum dolor sit amet. Quisque aliquam. Donec faucibus.<br \/>\n<\/div><div class=\"clear\"><\/div>\n<div class=\"clear\"><\/div><div style=\"margin-top:20px; margin-bottom:20px;\" class=\"divider divider-double\"><\/div>\n<div class=\"one_third\">\n<h3>[1\/3]<\/h3>\n<p>Donec sed tellus eget sapien fringilla nonummy. Mauris a ante. Suspendisse quam sem, consequat at, commodo vitae, feugiat in, nunc. Morbi imperdiet augue quis tellus. Lorem ipsum dolor sit amet. Quisque aliquam. Donec faucibus.<br \/>\n<\/div>\n<div class=\"one_third\">\n<h3>[1\/3]<\/h3>\n<p>Donec sed tellus eget sapien fringilla nonummy. Mauris a ante. Suspendisse quam sem, consequat at, commodo vitae, feugiat in, nunc. Morbi imperdiet augue quis tellus. Lorem ipsum dolor sit amet. Quisque aliquam. Donec faucibus.<br \/>\n<\/div>\n<div class=\"one_third last\">\n<h3>[1\/3]<\/h3>\n<p>Donec sed tellus eget sapien fringilla nonummy. Mauris a ante. Suspendisse quam sem, consequat at, commodo vitae, feugiat in, nunc. Morbi imperdiet augue quis tellus. Lorem ipsum dolor sit amet. Quisque aliquam. Donec faucibus.<br \/>\n<\/div><div class=\"clear\"><\/div>\n<div class=\"clear\"><\/div><div style=\"margin-top:20px; margin-bottom:20px;\" class=\"divider divider-double\"><\/div>\n<div class=\"two_third\">\n<h3>[2\/3]<\/h3>\n<p>Donec sed tellus eget sapien fringilla nonummy. Mauris a ante. Suspendisse quam sem, consequat at, commodo vitae, feugiat in, nunc. Morbi imperdiet augue quis tellus. Lorem ipsum dolor sit amet. Quisque aliquam. Donec faucibus. Mauris a ante. Suspendisse quam sem, consequat at, commodo vitae, feugiat in, nunc. Morbi imperdiet augue quis tellus. Lorem ipsum dolor sit amet. Quisque aliquam. Donec faucibus. Mauris a ante.<br \/>\n<\/div>\n<div class=\"one_third last\">\n<h3>[1\/3]<\/h3>\n<p>Donec sed tellus eget sapien fringilla nonummy. Mauris a ante. Suspendisse quam sem, consequat at, commodo vitae, feugiat in, nunc. Morbi imperdiet augue quis tellus.<br \/>\n<\/div><div class=\"clear\"><\/div>\n<div class=\"clear\"><\/div><div style=\"margin-top:20px; margin-bottom:20px;\" class=\"divider divider-double\"><\/div>\n<div class=\"one_fourth\">\n<h3>[1\/4]<\/h3>\n<p>Donec sed tellus eget sapien fringilla nonummy. Mauris a ante. Suspendisse quam sem, consequat at, commodo vitae, feugiat in, nunc.<br \/>\n<\/div>\n<div class=\"one_fourth\">\n<h3>[1\/4]<\/h3>\n<p>Donec sed tellus eget sapien fringilla nonummy. Mauris a ante. Suspendisse quam sem, consequat at, commodo vitae, feugiat in, nunc.<br \/>\n<\/div>\n<div class=\"one_fourth\">\n<h3>[1\/4]<\/h3>\n<p>Donec sed tellus eget sapien fringilla nonummy. Mauris a ante. Suspendisse quam sem, consequat at, commodo vitae, feugiat in, nunc.<br \/>\n<\/div>\n<div class=\"one_fourth last\">\n<h3>[1\/4]<\/h3>\n<p>Donec sed tellus eget sapien fringilla nonummy. Mauris a ante. Suspendisse quam sem, consequat at, commodo vitae, feugiat in, nunc.<br \/>\n<\/div><div class=\"clear\"><\/div>\n<div class=\"clear\"><\/div><div style=\"margin-top:20px; margin-bottom:20px;\" class=\"divider divider-double\"><\/div>\n<div class=\"one_fourth\">\n<h3>[1\/4]<\/h3>\n<p>Donec sed tellus eget sapien fringilla nonummy. Mauris a ante. Suspendisse quam sem.<br \/>\n<\/div>\n<div class=\"three_fourth last\">\n<h3>[3\/4]<\/h3>\n<p>Donec sed tellus eget sapien fringilla nonummy. Mauris a ante. Suspendisse quam sem, consequat at, commodo vitae, feugiat in, nunc. Morbi imperdiet augue quis tellus. Lorem ipsum dolor sit amet. Quisque aliquam. Donec faucibus.<br \/>\n<\/div><div class=\"clear\"><\/div>\n<div class=\"clear\"><\/div><div style=\"margin-top:20px; margin-bottom:20px;\" class=\"divider divider-double\"><\/div>\n<div class=\"one_fifth\">\n<h3>[1\/5]<\/h3>\n<p>Donec sed tellus in eget sapien en fringilla nonummy. Lorem ipsum sit amet. Quisque aliquam.<br \/>\n<\/div>\n<div class=\"one_fifth\">\n<h3>[1\/5]<\/h3>\n<p>Donec sed tellus in eget sapien en fringilla nonummy. Lorem ipsum sit amet. Quisque aliquam.<br \/>\n<\/div>\n<div class=\"one_fifth\">\n<h3>[1\/5]<\/h3>\n<p>Donec sed tellus in eget sapien en fringilla nonummy. Lorem ipsum sit amet. Quisque aliquam.<br \/>\n<\/div>\n<div class=\"one_fifth\">\n<h3>[1\/5]<\/h3>\n<p>Donec sed tellus in eget sapien en fringilla nonummy. Lorem ipsum sit amet. Quisque aliquam.<br \/>\n<\/div>\n<div class=\"one_fifth last\">\n<h3>[1\/5]<\/h3>\n<p>Donec sed tellus in eget sapien en fringilla nonummy. Lorem ipsum sit amet. Quisque aliquam.<br \/>\n<\/div><div class=\"clear\"><\/div>\n<div class=\"clear\"><\/div><div style=\"margin-top:20px; margin-bottom:20px;\" class=\"divider divider-double\"><\/div>\n<div class=\"two_fifth\">\n<h3>[2\/5]<\/h3>\n<p>Donec sed tellus eget sapien fringilla nonummy. Suspendisse sem, consequat at, commodo vitae. feugiat in, nunc. Morbi imperdiet augue quis tellus.<br \/>\n<\/div>\n<div class=\"three_fifth last\">\n<h3>[3\/5]<\/h3>\n<p>Donec sed tellus eget sapien fringilla nonummy. Mauris a ante. Suspendisse quam sem, consequat at, commodo vitae, feugiat in, nunc. Morbi imperdiet augue quis tellus. Suspendisse quam sem, consequat at.<br \/>\n<\/div><div class=\"clear\"><\/div>\n<div class=\"clear\"><\/div><div style=\"margin-top:20px; margin-bottom:20px;\" class=\"divider divider-double\"><\/div>\n<div class=\"one_sixth\">\n<h3>[1\/6]<\/h3>\n<p>Donec sed tellus in eget sapien en fringilla nonummy. Lorem ipsum sit amet. Quisque aliquam.<br \/>\n<\/div>\n<div class=\"one_sixth\">\n<h3>[1\/6]<\/h3>\n<p>Donec sed tellus in eget sapien en fringilla nonummy. Lorem ipsum sit amet. Quisque aliquam.<br \/>\n<\/div>\n<div class=\"one_sixth\">\n<h3>[1\/6]<\/h3>\n<p>Donec sed tellus in eget sapien en fringilla nonummy. Lorem ipsum sit amet. Quisque aliquam.<br \/>\n<\/div>\n<div class=\"one_sixth\">\n<h3>[1\/6]<\/h3>\n<p>Donec sed tellus in eget sapien en fringilla nonummy. Lorem ipsum sit amet. Quisque aliquam.<br \/>\n<\/div>\n<div class=\"one_sixth\">\n<h3>[1\/6]<\/h3>\n<p>Donec sed tellus in eget sapien en fringilla nonummy. Lorem ipsum sit amet. Quisque aliquam.<br \/>\n<\/div>\n<div class=\"one_sixth last\">\n<h3>[1\/6]<\/h3>\n<p>Donec sed tellus in eget sapien en fringilla nonummy. Lorem ipsum sit amet. Quisque aliquam.<br \/>\n<\/div><div class=\"clear\"><\/div>\n<div class=\"clear\"><\/div><div style=\"margin-top:20px; margin-bottom:20px;\" class=\"divider divider-double\"><\/div>\n<div class=\"one_sixth\">\n<h3>[1\/6]<\/h3>\n<p>Donec sed tellus eget sapien en fringilla.<br \/>\n<\/div>\n<div class=\"five_sixth last\">\n<h3>[5\/6]<\/h3>\n<p>Donec sed tellus eget sapien fringilla nonummy. Mauris a ante. Morbi imperdiet augue quis tellus.<br \/>\nLorem ipsum dolor sit amet. Quisque aliquam. Donec faucibus. Suspendisse quam sem, consequat at, commodo vitae, feugiat in, nunc.<br \/>\nMorbi imperdiet augue quis tellus. Lorem ipsum dolor sit amet. Quisque aliquam. Donec faucibus.<br \/>\n<\/div><div class=\"clear\"><\/div>\n","protected":false},"excerpt":{"rendered":"","protected":false},"author":1,"featured_media":0,"parent":0,"menu_order":0,"comment_status":"closed","ping_status":"closed","template":"","meta":{"footnotes":""},"class_list":["post-208","page","type-page","status-publish",""],"yoast_head":"<!-- This site is optimized with the Yoast SEO plugin v27.5 - https:\/\/yoast.com\/product\/yoast-seo-wordpress\/ -->\n<title>Columns - Sihirli TV<\/title>\n<meta name=\"robots\" content=\"index, follow, max-snippet:-1, max-image-preview:large, max-video-preview:-1\" \/>\n<link rel=\"canonical\" href=\"https:\/\/sihirli.tv\/?page_id=208\" \/>\n<meta property=\"og:locale\" content=\"tr_TR\" \/>\n<meta property=\"og:type\" content=\"article\" \/>\n<meta property=\"og:title\" content=\"Columns - Sihirli TV\" \/>\n<meta property=\"og:url\" content=\"https:\/\/sihirli.tv\/?page_id=208\" \/>\n<meta property=\"og:site_name\" content=\"Sihirli TV\" \/>\n<meta name=\"twitter:card\" content=\"summary_large_image\" \/>\n<meta name=\"twitter:label1\" content=\"Tahmini okuma s\u00fcresi\" \/>\n\t<meta name=\"twitter:data1\" content=\"4 dakika\" \/>\n<script type=\"application\/ld+json\" class=\"yoast-schema-graph\">{\"@context\":\"https:\\\/\\\/schema.org\",\"@graph\":[{\"@type\":\"WebPage\",\"@id\":\"https:\\\/\\\/sihirli.tv\\\/?page_id=208\",\"url\":\"https:\\\/\\\/sihirli.tv\\\/?page_id=208\",\"name\":\"Columns - Sihirli TV\",\"isPartOf\":{\"@id\":\"https:\\\/\\\/sihirli.tv\\\/#website\"},\"datePublished\":\"2015-01-24T16:19:48+00:00\",\"breadcrumb\":{\"@id\":\"https:\\\/\\\/sihirli.tv\\\/?page_id=208#breadcrumb\"},\"inLanguage\":\"tr\",\"potentialAction\":[{\"@type\":\"ReadAction\",\"target\":[\"https:\\\/\\\/sihirli.tv\\\/?page_id=208\"]}]},{\"@type\":\"BreadcrumbList\",\"@id\":\"https:\\\/\\\/sihirli.tv\\\/?page_id=208#breadcrumb\",\"itemListElement\":[{\"@type\":\"ListItem\",\"position\":1,\"name\":\"Home\",\"item\":\"https:\\\/\\\/sihirli.tv\\\/\"},{\"@type\":\"ListItem\",\"position\":2,\"name\":\"Columns\"}]},{\"@type\":\"WebSite\",\"@id\":\"https:\\\/\\\/sihirli.tv\\\/#website\",\"url\":\"https:\\\/\\\/sihirli.tv\\\/\",\"name\":\"Sihirli TV\",\"description\":\"Gizemli Olaylar, Bilim ve Teknoloji, K\u00fclt\u00fcr\u00fcrel ve Sanatsal Ke\u015fifler, E\u011flenceli ve E\u011fitici \u0130\u00e7erikler\",\"potentialAction\":[{\"@type\":\"SearchAction\",\"target\":{\"@type\":\"EntryPoint\",\"urlTemplate\":\"https:\\\/\\\/sihirli.tv\\\/?s={search_term_string}\"},\"query-input\":{\"@type\":\"PropertyValueSpecification\",\"valueRequired\":true,\"valueName\":\"search_term_string\"}}],\"inLanguage\":\"tr\"}]}<\/script>\n<!-- \/ Yoast SEO plugin. -->","yoast_head_json":{"title":"Columns - Sihirli TV","robots":{"index":"index","follow":"follow","max-snippet":"max-snippet:-1","max-image-preview":"max-image-preview:large","max-video-preview":"max-video-preview:-1"},"canonical":"https:\/\/sihirli.tv\/?page_id=208","og_locale":"tr_TR","og_type":"article","og_title":"Columns - Sihirli TV","og_url":"https:\/\/sihirli.tv\/?page_id=208","og_site_name":"Sihirli TV","twitter_card":"summary_large_image","twitter_misc":{"Tahmini okuma s\u00fcresi":"4 dakika"},"schema":{"@context":"https:\/\/schema.org","@graph":[{"@type":"WebPage","@id":"https:\/\/sihirli.tv\/?page_id=208","url":"https:\/\/sihirli.tv\/?page_id=208","name":"Columns - Sihirli TV","isPartOf":{"@id":"https:\/\/sihirli.tv\/#website"},"datePublished":"2015-01-24T16:19:48+00:00","breadcrumb":{"@id":"https:\/\/sihirli.tv\/?page_id=208#breadcrumb"},"inLanguage":"tr","potentialAction":[{"@type":"ReadAction","target":["https:\/\/sihirli.tv\/?page_id=208"]}]},{"@type":"BreadcrumbList","@id":"https:\/\/sihirli.tv\/?page_id=208#breadcrumb","itemListElement":[{"@type":"ListItem","position":1,"name":"Home","item":"https:\/\/sihirli.tv\/"},{"@type":"ListItem","position":2,"name":"Columns"}]},{"@type":"WebSite","@id":"https:\/\/sihirli.tv\/#website","url":"https:\/\/sihirli.tv\/","name":"Sihirli TV","description":"Gizemli Olaylar, Bilim ve Teknoloji, K\u00fclt\u00fcr\u00fcrel ve Sanatsal Ke\u015fifler, E\u011flenceli ve E\u011fitici \u0130\u00e7erikler","potentialAction":[{"@type":"SearchAction","target":{"@type":"EntryPoint","urlTemplate":"https:\/\/sihirli.tv\/?s={search_term_string}"},"query-input":{"@type":"PropertyValueSpecification","valueRequired":true,"valueName":"search_term_string"}}],"inLanguage":"tr"}]}},"_links":{"self":[{"href":"https:\/\/sihirli.tv\/index.php?rest_route=\/wp\/v2\/pages\/208","targetHints":{"allow":["GET"]}}],"collection":[{"href":"https:\/\/sihirli.tv\/index.php?rest_route=\/wp\/v2\/pages"}],"about":[{"href":"https:\/\/sihirli.tv\/index.php?rest_route=\/wp\/v2\/types\/page"}],"author":[{"embeddable":true,"href":"https:\/\/sihirli.tv\/index.php?rest_route=\/wp\/v2\/users\/1"}],"replies":[{"embeddable":true,"href":"https:\/\/sihirli.tv\/index.php?rest_route=%2Fwp%2Fv2%2Fcomments&post=208"}],"version-history":[{"count":0,"href":"https:\/\/sihirli.tv\/index.php?rest_route=\/wp\/v2\/pages\/208\/revisions"}],"wp:attachment":[{"href":"https:\/\/sihirli.tv\/index.php?rest_route=%2Fwp%2Fv2%2Fmedia&parent=208"}],"curies":[{"name":"wp","href":"https:\/\/api.w.org\/{rel}","templated":true}]}}